{"id":7,"date":"2018-12-20T14:37:18","date_gmt":"2018-12-20T14:37:18","guid":{"rendered":"https:\/\/consulte.comune.torino.it\/bicitraffico\/?page_id=7"},"modified":"2026-01-07T09:43:46","modified_gmt":"2026-01-07T09:43:46","slug":"chi-siamo","status":"publish","type":"page","link":"https:\/\/consulte.comune.torino.it\/bicitraffico\/chi-siamo\/","title":{"rendered":"Chi siamo"},"content":{"rendered":"<p>La Consulta della Mobilit\u00e0 Ciclistica e della Moderazione del Traffico \u00e8 un organo del Consiglio Comunale, con poteri consultivi e propositivi. \u00c8 nata il 18 luglio 2017, quando sono stati eletti il Presidente (ingegner Samuele Bavuso, rappresentante dell\u2019associazione Legambiente Metropolitano di Torino) e il VicePresidente Adriano Comai (FIAB Torino Bici &amp; Dintorni).<\/p>\n<p>Durante la seduta del 10 settembre 2018, viene eletto come vicePresidente Stefano Frittoli (Alter Polis), che sostituisce Comai, dimissionario nel marzo 2018.<\/p>\n<p>Per il biennio 2019\/21 vengono confermati sia il Presidente (Samuele Bavuso &#8211; Legambiente Metropolitano) sia il VicePresidente (Stefano Frittoli &#8211; Alter Polis).<\/p>\n<p>Per il biennio 2021\/23 viene eletto Presidente Diego Vezza (FIAB Torino Bike Pride), mentre per il ruolo di VicePresidente viene eletto Samuele Bavuso (Legambiente Metropolitano).<\/p>\n<p>Per il biennio 2023\/25 vengono confermati sia il Presidente (Diego Vezza &#8211; FIAB Torino Bike Pride) sia il VicePresidente (Samuele Bavuso &#8211; Legambiente Metropolitano).<\/p>\n<p>Per il biennio 2025\/27 viene eletto Presidente Samuele Bavuso (Legambiente Metropolitano), mentre per il ruolo di VicePresidente viene eletto Riccardo Dellora (Associazione Promozione Sociale Amicinbici \u2013 Bik&amp;Motion).<\/p>\n<p><strong>Attualmente le associazioni che ne fanno parte sono le seguenti<\/strong>:<\/p>\n<p>Ecopolis Nkoni<\/p>\n<p>Legambiente Molecola<\/p>\n<p>Legambiente Metropolitano &#8211; Samuele BAVUSO (Presidente)<\/p>\n<p>Pro Natura<\/p>\n<p>FIAB Torino Bici &amp; Dintorni<\/p>\n<p>FIAB Torino Bike Pride<\/p>\n<p>Associazione culturale Laqup<\/p>\n<p>Ecoborgo Campidoglio<\/p>\n<p>Alter Polis<\/p>\n<p>Associazione Promozione Sociale Amicinbici \u2013 Bik&amp;Motion &#8211; Riccardo DELLORA (VicePresidente)<\/p>\n<p>GreenTO [da novembre 2019]<\/p>\n<p>Associazione T-team [da gennaio 2020]<\/p>\n<p>Pedaliamo Insieme [da febbraio 2020]<\/p>\n<p>Club Monopattini Torino\u00a0[da febbraio 2020]<\/p>\n<p>Giustizia Climatica Ora! [da settembre 2023]<\/p>\n<p>Associazione Il Tuo Parco [da Aprile 2025]<\/p>\n<p>Urban Roller Torino [da settembre 2025] [gi\u00e0 presente da novembre 2021 a luglio 2023]<\/p>\n<p>&nbsp;<\/p>\n<p><strong>Associazioni che hanno fanno parte della Consulta<\/strong>:<\/p>\n<p>IMBA Italia [da ottobre 2021 a gennaio 2025]<\/p>\n<p>Solco APS [da gennaio 2022 a gennaio 2025]<\/p>\n<p>&nbsp;<\/p>\n<p>Al seguente link la Deliera Costitutiva<\/p>\n<p><a href=\"https:\/\/consulte.comune.torino.it\/bicitraffico\/wp-content\/uploads\/sites\/5\/2025\/11\/Delibera-Istitutiva-Consulta-MCMdT.pdf\">Delibera Istitutiva Consulta MCMdT<\/a><\/p>\n<p>&nbsp;<\/p>\n<p>Potete leggere il <strong>Regolamento<\/strong> Interno della Consulta &#8211; approvato nella seduta del 26 luglio 2017 &#8211; al seguente link<\/p>\n<p><a href=\"https:\/\/consulte.comune.torino.it\/bicitraffico\/wp-content\/uploads\/sites\/5\/2019\/03\/Regolamento-Consulta-MC-e-MdT-2017-07-26.pdf\">Regolamento Consulta MC e MdT 2017-07-26<\/a><\/p>\n","protected":false},"excerpt":{"rendered":"<p>La Consulta della Mobilit\u00e0 Ciclistica e della Moderazione del Traffico \u00e8 un organo del Consiglio Comunale, con poteri consultivi e propositivi. \u00c8 nata il 18 luglio 2017, quando sono stati eletti il Presidente (ingegner Samuele Bavuso, rappresentante dell\u2019associazione Legambiente Metropolitano di Torino) e il VicePresidente Adriano Comai (FIAB Torino Bici &amp; Dintorni). Durante la seduta [&hellip;]<\/p>\n","protected":false},"author":1,"featured_media":0,"parent":0,"menu_order":0,"comment_status":"closed","ping_status":"closed","template":"","meta":{"footnotes":""},"class_list":["post-7","page","type-page","status-publish","hentry"],"_links":{"self":[{"href":"https:\/\/consulte.comune.torino.it\/bicitraffico\/wp-json\/wp\/v2\/pages\/7","targetHints":{"allow":["GET"]}}],"collection":[{"href":"https:\/\/consulte.comune.torino.it\/bicitraffico\/wp-json\/wp\/v2\/pages"}],"about":[{"href":"https:\/\/consulte.comune.torino.it\/bicitraffico\/wp-json\/wp\/v2\/types\/page"}],"author":[{"embeddable":true,"href":"https:\/\/consulte.comune.torino.it\/bicitraffico\/wp-json\/wp\/v2\/users\/1"}],"replies":[{"embeddable":true,"href":"https:\/\/consulte.comune.torino.it\/bicitraffico\/wp-json\/wp\/v2\/comments?post=7"}],"version-history":[{"count":21,"href":"https:\/\/consulte.comune.torino.it\/bicitraffico\/wp-json\/wp\/v2\/pages\/7\/revisions"}],"predecessor-version":[{"id":1280,"href":"https:\/\/consulte.comune.torino.it\/bicitraffico\/wp-json\/wp\/v2\/pages\/7\/revisions\/1280"}],"wp:attachment":[{"href":"https:\/\/consulte.comune.torino.it\/bicitraffico\/wp-json\/wp\/v2\/media?parent=7"}],"curies":[{"name":"wp","href":"https:\/\/api.w.org\/{rel}","templated":true}]}}