{"id":11,"date":"2025-07-02T15:15:03","date_gmt":"2025-07-02T13:15:03","guid":{"rendered":"https:\/\/consulte.comune.torino.it\/consultafemminile\/?page_id=11"},"modified":"2025-08-28T10:21:24","modified_gmt":"2025-08-28T08:21:24","slug":"links","status":"publish","type":"page","link":"https:\/\/consulte.comune.torino.it\/consultafemminile\/links\/","title":{"rendered":"Links"},"content":{"rendered":"<p><strong>Siti istituzionali<\/strong><\/p>\n<ul>\n<li><a href=\"http:\/\/www.irma-torino.it\" target=\"_blank\" rel=\"noopener\">Portale del Comune di Torino per le Pari Opportunit\u00e0<\/a><\/li>\n<li><a href=\"http:\/\/www.provincia.torino.it\/pari_opportunita.htm\" target=\"_blank\" rel=\"noopener\">Provincia di Torino &#8211; Pari Opportunit\u00e0<\/a><\/li>\n<li><a href=\"http:\/\/www.meltinglab.it\" target=\"_blank\" rel=\"noopener\">MeltingLab &#8211; Laboratorio di Innovazione sui diritti e la parit\u00e0<\/a><\/li>\n<li><a href=\"http:\/\/www.consiglioregionale.piemonte.it\/organismi\/org_cons\/cons_femm\/\" target=\"_blank\" rel=\"noopener\">Consulta Femminile Regionale del Piemonte<\/a><\/li>\n<li><a href=\"http:\/\/www.pariopportunita.gov.it\/\" target=\"_blank\" rel=\"noopener\">Presidenza del Consiglio dei Ministri &#8211; Dipartimento per le Pari Opportunit\u00e0<\/a><\/li>\n<li><a href=\"http:\/\/www.lavoro.gov.it\/Lavoro\/md\/AreaLavoro\/tutela\/comitatoNazionaleParita\/\" target=\"_blank\" rel=\"noopener\">Comitato Nazionale di Parit\u00e0 e Pari Opportunit\u00e0 nel Lavoro<\/a><\/li>\n<\/ul>\n<p><strong>Siti associazioni affiliate<\/strong><\/p>\n<ul>\n<li><a href=\"http:\/\/www.adeiwizo.org\/\" target=\"_blank\" rel=\"noopener\">ADEI-WIZO Associazione Donne Ebree d&#8217;Italia<\/a><\/li>\n<li><a href=\"http:\/\/www.apid.to.it\/\" target=\"_blank\" rel=\"noopener\">Apid Imprenditorialit\u00e0 Donna<\/a><\/li>\n<li><a href=\"http:\/\/www.arpnet.it\/fidapa\/adoc.htm\" target=\"_blank\" rel=\"noopener\">Associazione Donne Capofamiglia<\/a><\/li>\n<li><a href=\"http:\/\/www.aidda.org\/\" target=\"_blank\" rel=\"noopener\">Associazione Imprenditrici e Donne Dirigenti D&#8217;Azienda<\/a><\/li>\n<li><a href=\"http:\/\/www.donnesocietacivile.it\/\" target=\"_blank\" rel=\"noopener\">Donne per la difesa della societ\u00e0 civile<\/a><\/li>\n<li><a href=\"http:\/\/www.fidapanordovest.it\/\" target=\"_blank\" rel=\"noopener\">FIDAPA &#8211; Federazione Italiana Donne Arti Professioni Affari<\/a><\/li>\n<li><a href=\"http:\/\/www.futurorosa.ideasolidale.org\/\" target=\"_blank\" rel=\"noopener\">Futuro R.O.S.A<\/a><\/li>\n<li><a href=\"http:\/\/www.gados.org\" target=\"_blank\" rel=\"noopener\">GADOS &#8211; Gruppo Assistenza Donne Operate al Seno<\/a><\/li>\n<li><a href=\"http:\/\/www.moica.it\" target=\"_blank\" rel=\"noopener\">Movimento Italiano Casalinghe<\/a><\/li>\n<li><a href=\"http:\/\/www.proculturafemminile.it\" target=\"_blank\" rel=\"noopener\">Pro Cultura Femminile<\/a><\/li>\n<li><a href=\"http:\/\/www.radarclubtorino.it\" target=\"_blank\" rel=\"noopener\">Radar Club Torino<\/a><\/li>\n<li><a href=\"http:\/\/www.soroptimist.it\/\" target=\"_blank\" rel=\"noopener\">Soroptimist International d&#8217;Italia<\/a><\/li>\n<li><a href=\"http:\/\/www.telefonorosatorino.it\/\" target=\"_blank\" rel=\"noopener\">Telefono Rosa Piemonte<\/a><\/li>\n<li><a href=\"https:\/\/www.ywcaitalia.it\/\" target=\"_blank\" rel=\"noopener\">YWCA-UCDG Unione Cristiana Delle Giovani<\/a><\/li>\n<li><a href=\"http:\/\/www.zontadistrict30.org\/\" target=\"_blank\" rel=\"noopener\">Zonta International<\/a><\/li>\n<\/ul>\n","protected":false},"excerpt":{"rendered":"<p>Siti istituzionali Portale del Comune di Torino per le Pari Opportunit\u00e0 Provincia di Torino &#8211; Pari Opportunit\u00e0 MeltingLab &#8211; Laboratorio di Innovazione sui diritti e la parit\u00e0 Consulta Femminile Regionale del Piemonte Presidenza del Consiglio dei Ministri &#8211; Dipartimento per le Pari Opportunit\u00e0 Comitato Nazionale di Parit\u00e0 e Pari Opportunit\u00e0 nel Lavoro Siti associazioni affiliate [&hellip;]<\/p>\n","protected":false},"author":1,"featured_media":0,"parent":0,"menu_order":0,"comment_status":"closed","ping_status":"closed","template":"","meta":{"footnotes":""},"class_list":["post-11","page","type-page","status-publish","hentry"],"_links":{"self":[{"href":"https:\/\/consulte.comune.torino.it\/consultafemminile\/wp-json\/wp\/v2\/pages\/11","targetHints":{"allow":["GET"]}}],"collection":[{"href":"https:\/\/consulte.comune.torino.it\/consultafemminile\/wp-json\/wp\/v2\/pages"}],"about":[{"href":"https:\/\/consulte.comune.torino.it\/consultafemminile\/wp-json\/wp\/v2\/types\/page"}],"author":[{"embeddable":true,"href":"https:\/\/consulte.comune.torino.it\/consultafemminile\/wp-json\/wp\/v2\/users\/1"}],"replies":[{"embeddable":true,"href":"https:\/\/consulte.comune.torino.it\/consultafemminile\/wp-json\/wp\/v2\/comments?post=11"}],"version-history":[{"count":2,"href":"https:\/\/consulte.comune.torino.it\/consultafemminile\/wp-json\/wp\/v2\/pages\/11\/revisions"}],"predecessor-version":[{"id":82,"href":"https:\/\/consulte.comune.torino.it\/consultafemminile\/wp-json\/wp\/v2\/pages\/11\/revisions\/82"}],"wp:attachment":[{"href":"https:\/\/consulte.comune.torino.it\/consultafemminile\/wp-json\/wp\/v2\/media?parent=11"}],"curies":[{"name":"wp","href":"https:\/\/api.w.org\/{rel}","templated":true}]}}