{"id":14,"date":"2025-07-02T15:18:12","date_gmt":"2025-07-02T13:18:12","guid":{"rendered":"https:\/\/consulte.comune.torino.it\/consultafemminile\/?page_id=14"},"modified":"2025-09-17T15:33:38","modified_gmt":"2025-09-17T13:33:38","slug":"attivita","status":"publish","type":"page","link":"https:\/\/consulte.comune.torino.it\/consultafemminile\/attivita\/","title":{"rendered":"Attivit\u00e0"},"content":{"rendered":"\n<p>La Consulta Comunale Femminile, istituita nel settembre del 1978, presta attenzione con la sua attivit\u00e0 alla condizione di vita, di lavoro e di salute della donna, nell&#8217;ambito del contesto sociale e familiare. Concorre a rimuovere gli ostacoli per un migliore inserimento della donna nella societ\u00e0 torinese.<\/p>\n\n\n\n<h3 class=\"wp-block-heading\"><strong>Attivit\u00e0 anno <\/strong>2025<\/h3>\n\n\n\n<ul class=\"wp-block-list\">\n<li>elezione Ufficio di Presidenza<\/li>\n\n\n\n<li><a href=\"https:\/\/consulte.comune.torino.it\/consultafemminile\/attivita\/programma-della-presidente\/\">programma della Presidente<\/a><\/li>\n\n\n\n<li><a href=\"https:\/\/consulte.comune.torino.it\/consultafemminile\/attivita\/gruppi-di-studio-e-lavoro\/\">gruppi di studio e di lavoro<\/a><\/li>\n\n\n\n<li><a href=\"https:\/\/consulte.comune.torino.it\/consultafemminile\/attivita\/i-trentanni-della-consulta\/\">preparazione &#8220;Trentennale della Consulta&#8221;<\/a><\/li>\n<\/ul>\n\n\n\n<p><a href=\"https:\/\/consulte.comune.torino.it\/consultafemminile\/attivita\/prova-sottopagina-attivita\/\" data-type=\"page\" data-id=\"122\">prova sottopagina<\/a><\/p>\n\n\n\n<h3 class=\"wp-block-heading\"><strong>Attivit\u00e0 svolte<\/strong><\/h3>\n\n\n\n<p><b>Trent&#8217;anni al servizio della Donna<\/b><br>\nLa Consulta Femminile Comunale si pone con finalit\u00e0 consultive nei confronti della Pubblica Amministrazione, ed \u00e8 organo inteso a dare voce alle donne, a cogliere e segnalare le loro esigenze e a favorire un loro sempre maggiore e pi\u00f9 evoluto inserimento in tutti i settori della vita sociale, \u00e8 inoltre un organo di controllo teso a verificare che queste esigenze siano salvaguardate e rispettate anche nella legislazione amministrativa.<\/p>\n\n\n\n<p>La Consulta \u00e8 un utile anello di collegamento con la base aggregata da cui promana, per promuovere una sempre maggiore consapevole partecipazione della donna alla vita sociale.<\/p>\n\n\n\n<div class=\"wp-block-buttons is-layout-flex wp-block-buttons-is-layout-flex\">\n<div class=\"wp-block-button\"><a class=\"wp-block-button__link wp-element-button\" href=\"https:\/\/consulte.comune.torino.it\/consultafemminile\/attivita\/trentanni-al-servizio-della-donna\/\">Leggi tutto<\/a><\/div>\n<\/div>\n\n\n\n<p><\/p>\n","protected":false},"excerpt":{"rendered":"<p>La Consulta Comunale Femminile, istituita nel settembre del 1978, presta attenzione con la sua attivit\u00e0 alla condizione di vita, di lavoro e di salute della donna, nell&#8217;ambito del contesto sociale e familiare. Concorre a rimuovere gli ostacoli per un migliore inserimento della donna nella societ\u00e0 torinese. Attivit\u00e0 anno 2025 prova sottopagina Attivit\u00e0 svolte Trent&#8217;anni al [&hellip;]<\/p>\n","protected":false},"author":1,"featured_media":0,"parent":0,"menu_order":0,"comment_status":"closed","ping_status":"closed","template":"","meta":{"footnotes":""},"class_list":["post-14","page","type-page","status-publish","hentry"],"_links":{"self":[{"href":"https:\/\/consulte.comune.torino.it\/consultafemminile\/wp-json\/wp\/v2\/pages\/14","targetHints":{"allow":["GET"]}}],"collection":[{"href":"https:\/\/consulte.comune.torino.it\/consultafemminile\/wp-json\/wp\/v2\/pages"}],"about":[{"href":"https:\/\/consulte.comune.torino.it\/consultafemminile\/wp-json\/wp\/v2\/types\/page"}],"author":[{"embeddable":true,"href":"https:\/\/consulte.comune.torino.it\/consultafemminile\/wp-json\/wp\/v2\/users\/1"}],"replies":[{"embeddable":true,"href":"https:\/\/consulte.comune.torino.it\/consultafemminile\/wp-json\/wp\/v2\/comments?post=14"}],"version-history":[{"count":7,"href":"https:\/\/consulte.comune.torino.it\/consultafemminile\/wp-json\/wp\/v2\/pages\/14\/revisions"}],"predecessor-version":[{"id":124,"href":"https:\/\/consulte.comune.torino.it\/consultafemminile\/wp-json\/wp\/v2\/pages\/14\/revisions\/124"}],"wp:attachment":[{"href":"https:\/\/consulte.comune.torino.it\/consultafemminile\/wp-json\/wp\/v2\/media?parent=14"}],"curies":[{"name":"wp","href":"https:\/\/api.w.org\/{rel}","templated":true}]}}