{"id":17,"date":"2025-07-02T15:19:26","date_gmt":"2025-07-02T13:19:26","guid":{"rendered":"https:\/\/consulte.comune.torino.it\/consultafemminile\/?page_id=17"},"modified":"2025-07-02T15:19:26","modified_gmt":"2025-07-02T13:19:26","slug":"programma-della-presidente","status":"publish","type":"page","link":"https:\/\/consulte.comune.torino.it\/consultafemminile\/attivita\/programma-della-presidente\/","title":{"rendered":"Programma della Presidente"},"content":{"rendered":"<p>L\u2019elezione della Presidente Pianta Maria Pia (che succede a Margherita MORONE) \u00e8 avvenuta nel mese di maggio 2008 e contemporaneamente si \u00e8 composto l\u2019Ufficio di Presidenza.<\/p>\n<p>Il programma esposto dalla Presidente conferma tutte le attivit\u00e0 in corso riferite ai Gruppi di Lavoro:<\/p>\n<ul>\n<li>Anziani<\/li>\n<li>Giovani e futuro<\/li>\n<li>Osservatorio sulla salute delle donne<\/li>\n<li>Vivere la citt\u00e0<\/li>\n<\/ul>\n<p>L\u2019impegno si esprime sui temi specifici con confronti e indagini per l\u2019arricchimento delle informazioni rivolte alle donne ed al miglioramento dei contatti con le Istituzioni.<\/p>\n<p>&nbsp;<\/p>\n<p>La Presidente intende coinvolgere nel lavoro tutte le Delegate delle Forze aderenti alla Consulta richiedendo loro di formulare proposte per nuovi progetti di lavoro e l\u2019aggiornamento di quelli in corso.<\/p>\n<p><strong>Anziani:<\/strong><\/p>\n<blockquote><p>il Gruppo di Lavoro che si dedica a questo importante capitolo prossimamente presenter\u00e0 all\u2019Ufficio di Presidenza sintesi del lavoro svolto. Resta per intesa la prosecuzione del dialogo con il Consiglio dei Seniores di Torino con forme di collaborazione che di volta in volta saranno reciprocamene valutate.<\/p><\/blockquote>\n<p><strong>Giovani:<\/strong><\/p>\n<blockquote><p>particolare attenzione sar\u00e0 riservata ai Giovani e alle Giovani Donne che, affacciandosi alla vita, incontrano nuovi problemi ed esigenze.<\/p><\/blockquote>\n<p><strong>Salute:<\/strong><\/p>\n<blockquote><p>a riguardo, verr\u00e0 presentato l\u2019argomento Servizi, dedicati alla salute della donna e alla famiglia nonch\u00e9 la verifica della capacit\u00e0 delle medesime di usufruirne, specialmente da parte delle donne appartenenti a varie etnie e di lingua diversa. Con lo specifico Gruppo di lavoro, sar\u00e0 sviluppato un metodo per la raccolta degli elementi. Il risultato della ricerca sar\u00e0 approfondito e corredato di proposte sostenibili mirate al miglioramento della situazione. Indicazioni che non perderanno di vista la salute di tutti cittadini, bene primario da salvaguardare e rispettare in forma permanente partendo dalla prevenzione.<\/p><\/blockquote>\n<p><strong>Vivere la citt\u00e0:<\/strong><\/p>\n<blockquote><p>il Gruppo di lavoro sta elaborando un metodo per rilevare e misurare in Citt\u00e0 presso tutte le Circoscrizioni Comunali la qualit\u00e0 e la puntualit\u00e0 delle risposte da parte delle Istituzioni a fronte di specifiche domande che saranno poste e finalizzate alla migliore qualit\u00e0 della vita nei Quartieri.<\/p><\/blockquote>\n<p>Fa parte del programma la richiesta rivolta dalla Presidente a tutte le Forze presenti ad impegnarsi ulteriormente per lo sviluppo della Consulta Femminile Comunale in Citt\u00e0 e l&#8217;invito alle Forze aderenti a proseguire con passione il cammino per valorizzare il ruolo femminile e favorire in Consulta l\u2019auspicata forma di dialogo collegiale anche per la definizione dei nuovi Progetti di lavoro.<\/p>\n<p>Compito immediato per l\u2019Ufficio di Presidenza \u00e8 quello di organizzare la Manifestazione per il trentennale della fondazione della Consulta Femminile Comunale 1978-2008.<\/p>\n","protected":false},"excerpt":{"rendered":"<p>L\u2019elezione della Presidente Pianta Maria Pia (che succede a Margherita MORONE) \u00e8 avvenuta nel mese di maggio 2008 e contemporaneamente si \u00e8 composto l\u2019Ufficio di Presidenza. Il programma esposto dalla Presidente conferma tutte le attivit\u00e0 in corso riferite ai Gruppi di Lavoro: Anziani Giovani e futuro Osservatorio sulla salute delle donne Vivere la citt\u00e0 L\u2019impegno [&hellip;]<\/p>\n","protected":false},"author":1,"featured_media":0,"parent":14,"menu_order":0,"comment_status":"closed","ping_status":"closed","template":"","meta":{"footnotes":""},"class_list":["post-17","page","type-page","status-publish","hentry"],"_links":{"self":[{"href":"https:\/\/consulte.comune.torino.it\/consultafemminile\/wp-json\/wp\/v2\/pages\/17","targetHints":{"allow":["GET"]}}],"collection":[{"href":"https:\/\/consulte.comune.torino.it\/consultafemminile\/wp-json\/wp\/v2\/pages"}],"about":[{"href":"https:\/\/consulte.comune.torino.it\/consultafemminile\/wp-json\/wp\/v2\/types\/page"}],"author":[{"embeddable":true,"href":"https:\/\/consulte.comune.torino.it\/consultafemminile\/wp-json\/wp\/v2\/users\/1"}],"replies":[{"embeddable":true,"href":"https:\/\/consulte.comune.torino.it\/consultafemminile\/wp-json\/wp\/v2\/comments?post=17"}],"version-history":[{"count":1,"href":"https:\/\/consulte.comune.torino.it\/consultafemminile\/wp-json\/wp\/v2\/pages\/17\/revisions"}],"predecessor-version":[{"id":18,"href":"https:\/\/consulte.comune.torino.it\/consultafemminile\/wp-json\/wp\/v2\/pages\/17\/revisions\/18"}],"up":[{"embeddable":true,"href":"https:\/\/consulte.comune.torino.it\/consultafemminile\/wp-json\/wp\/v2\/pages\/14"}],"wp:attachment":[{"href":"https:\/\/consulte.comune.torino.it\/consultafemminile\/wp-json\/wp\/v2\/media?parent=17"}],"curies":[{"name":"wp","href":"https:\/\/api.w.org\/{rel}","templated":true}]}}