{"id":19,"date":"2025-07-02T15:20:56","date_gmt":"2025-07-02T13:20:56","guid":{"rendered":"https:\/\/consulte.comune.torino.it\/consultafemminile\/?page_id=19"},"modified":"2025-07-02T15:20:56","modified_gmt":"2025-07-02T13:20:56","slug":"gruppi-di-studio-e-lavoro","status":"publish","type":"page","link":"https:\/\/consulte.comune.torino.it\/consultafemminile\/attivita\/gruppi-di-studio-e-lavoro\/","title":{"rendered":"Gruppi di studio e lavoro"},"content":{"rendered":"<p>l <b>2 ottobre 2009<\/b>, in sede dei lavori della I Commissione Consiliare in seduta congiunta con la II Commissione, l&#8217;Assessore ai Trasporti e Viabilit\u00e0 <b>Maria Grazia Sestero<\/b>, come previsto dall&#8217;odg che tra l&#8217;altro prevedeva l&#8217;audizione della Consulta Femminile, ha esposto <b>ai Consiglieri e ai presenti<\/b> in Assemblea i temi oggetto della richiesta di audizione a suo tempo formulata dalla stessa <b>Consulta<\/b>.<\/p>\n<p>I temi sono stati sviluppati nell&#8217;ambito dell&#8217;attivit\u00e0 svolta dallo specifico Gruppo di lavoro &#8220;Vivere la Citt\u00e0&#8221; relativamente a problematiche constatate in citt\u00e0 con gli utilizzatori dei servizi pubblici di trasporto di superficie e della metropolitana. Evidenze scaturite anche dalle risultanze dei rilievi effettuati con apposita indagine\/questionario curata e svolta dal Gruppo, presso le CIRCOSCRIZIONI. <b>Le problematiche esposte dal Gruppo di lavoro Vivere la Citt\u00e0 e corredate di proposte sono<\/b>:<\/p>\n<p><b>Sicurezza:<\/b><\/p>\n<ul>\n<li>parcheggi sotterranei: denuncia della parziale e o assente copertura tecnica (campo) per l&#8217;uso dei telefoni portatili, problema sentito da tutti i cittadini ed in particolare dalle donne.<\/li>\n<li>denuncia della mancanza di copertura degli accessi pedonali della metropolitana, vedi pericolosit\u00e0 in caso di pioggia, gelo ect.<\/li>\n<\/ul>\n<p>&nbsp;<\/p>\n<p><b>Reperimento biglietto di trasporto mezzi di superficie:<\/b><\/p>\n<ul>\n<li>evidenziata la difficolt\u00e0 di acquistare specialmente nelle periferie, fuori orario degli abituali esercizi di vendita, nelle giornate festive, ect il documento di viaggio sia per i residenti che per i visitatori.<\/li>\n<\/ul>\n<p>&nbsp;<\/p>\n<p><b>Tariffa metropolitana in relazione all&#8217;attuale percorso disponibile:<\/b><\/p>\n<ul>\n<li>sottolineata l&#8217;esigenza di equiparare il valore del biglietto della metropolitana, nello spazio temporale di settanta minuti, a quello di superficie. Obiettivo: conferire all&#8217;utente la possibilit\u00e0 di <b>scegliere tra l&#8217;attuale offerta GTT<\/b>: prima obliterazione per la tratta metropolitana e la seconda obliterazione valida solo per una tratta di superficie con due tratte della metropolitana e precisamente <b>andata e ritorno<\/b>.<\/li>\n<\/ul>\n<p>&nbsp;<\/p>\n<p>La <b>Consigliera Monica Cerutti<\/b>, ha sottolineato che questo studio presentato dalla Consulta F.C. ha coinvolto le Circoscrizioni ed ha dato il via ad una significativa collaborazione sul territorio.<\/p>\n<p>Per la questione <b>Taxi-rosa<\/b>: la Consigliera Cerutti ha ricordato che \u00e8 da perfezionare l&#8217;applicabilit\u00e0 di tariffa di favore per le donne dopo le h 20.00. L&#8217;argomento \u00e8 da definire con la Regione e la Provincia e sar\u00e0 cura del Gruppo di lavoro Vivere la Citt\u00e0 della Consulta seguirne il perfezionamento.<\/p>\n<p>La Consulta F.C. attenta agli impulsi della <b>Presidenza del Consiglio Comunale<\/b>, sottolinea con questa prima audizione del 2009 in Commissione Lavori del Comune, l&#8217;impegno profuso dal Gruppo <b>&#8220;Vivere la Citt\u00e0&#8221;<\/b> a conclusione del primo Capitolo di attivit\u00e0 sopra illustrato e ringrazia la <b>Consigliera Piera Levi Montalcini<\/b>, per l&#8217;attenzione dedicata.<\/p>\n","protected":false},"excerpt":{"rendered":"<p>l 2 ottobre 2009, in sede dei lavori della I Commissione Consiliare in seduta congiunta con la II Commissione, l&#8217;Assessore ai Trasporti e Viabilit\u00e0 Maria Grazia Sestero, come previsto dall&#8217;odg che tra l&#8217;altro prevedeva l&#8217;audizione della Consulta Femminile, ha esposto ai Consiglieri e ai presenti in Assemblea i temi oggetto della richiesta di audizione a [&hellip;]<\/p>\n","protected":false},"author":1,"featured_media":0,"parent":14,"menu_order":0,"comment_status":"closed","ping_status":"closed","template":"","meta":{"footnotes":""},"class_list":["post-19","page","type-page","status-publish","hentry"],"_links":{"self":[{"href":"https:\/\/consulte.comune.torino.it\/consultafemminile\/wp-json\/wp\/v2\/pages\/19","targetHints":{"allow":["GET"]}}],"collection":[{"href":"https:\/\/consulte.comune.torino.it\/consultafemminile\/wp-json\/wp\/v2\/pages"}],"about":[{"href":"https:\/\/consulte.comune.torino.it\/consultafemminile\/wp-json\/wp\/v2\/types\/page"}],"author":[{"embeddable":true,"href":"https:\/\/consulte.comune.torino.it\/consultafemminile\/wp-json\/wp\/v2\/users\/1"}],"replies":[{"embeddable":true,"href":"https:\/\/consulte.comune.torino.it\/consultafemminile\/wp-json\/wp\/v2\/comments?post=19"}],"version-history":[{"count":1,"href":"https:\/\/consulte.comune.torino.it\/consultafemminile\/wp-json\/wp\/v2\/pages\/19\/revisions"}],"predecessor-version":[{"id":20,"href":"https:\/\/consulte.comune.torino.it\/consultafemminile\/wp-json\/wp\/v2\/pages\/19\/revisions\/20"}],"up":[{"embeddable":true,"href":"https:\/\/consulte.comune.torino.it\/consultafemminile\/wp-json\/wp\/v2\/pages\/14"}],"wp:attachment":[{"href":"https:\/\/consulte.comune.torino.it\/consultafemminile\/wp-json\/wp\/v2\/media?parent=19"}],"curies":[{"name":"wp","href":"https:\/\/api.w.org\/{rel}","templated":true}]}}