{"id":21,"date":"2025-07-02T15:21:38","date_gmt":"2025-07-02T13:21:38","guid":{"rendered":"https:\/\/consulte.comune.torino.it\/consultafemminile\/?page_id=21"},"modified":"2025-08-28T10:09:59","modified_gmt":"2025-08-28T08:09:59","slug":"trentanni-al-servizio-della-donna","status":"publish","type":"page","link":"https:\/\/consulte.comune.torino.it\/consultafemminile\/attivita\/trentanni-al-servizio-della-donna\/","title":{"rendered":"Trent&#8217;anni al servizio della Donna"},"content":{"rendered":"\n<p>La Consulta Femminile Comunale si pone con finalit\u00e0 consultive nei confronti della Pubblica Amministrazione, ed \u00e8 organo inteso a dare voce alle donne, a cogliere e segnalare le loro esigenze e a favorire un loro sempre maggiore e pi\u00f9 evoluto inserimento in tutti i settori della vita sociale, \u00e8 inoltre un organo di controllo teso a verificare che queste esigenze siano salvaguardate e rispettate anche nella legislazione amministrativa.<br><br>La Consulta \u00e8 un utile anello di collegamento con la base aggregata da cui promana, per promuovere una sempre maggiore consapevole partecipazione della donna alla vita sociale.<br><br>Di seguito sono sintetizzate le attivit\u00e0 svolte dalla Consulta per ciascun mandato di Presidenza:<\/p>\n\n\n\n<p><br><strong>MANDATO OTTOBRE 1978 &#8211; DICEMBRE 1979<\/strong><br><br>prima Presidente eletta:<br><br><strong><u>Nicoletta CASIRAGHI &#8211; PARTITO LIBERALE ITALIANO<\/u><\/strong><\/p>\n\n\n\n<p><br>Questo primo mandato della Consulta Femminile Comunale \u00e8 caratterizzato dall\u00b4avvio della sua attivit\u00e0, soprattutto dalla formazione degli strumenti istituzionali: il regolamento e le modalit\u00e0 di rapporto con il Consiglio Comunale.<br><br>\u00c8 anche l\u00b4inizio della proficua collaborazione fra donne delle Associazioni e donne dei Partiti, dando vita ad una stagione particolarmente soddisfacente per la presenza femminile in ruoli di grande responsabilit\u00e0 nelle istituzioni comunali, provinciali e regionali.<br><br>In questo periodo vengono segnalati gravissimi gesti di violenza e di terrorismo che colpiscono servitori dello Stato, di Torino e del Paese.<\/p>\n\n\n\n<p><br><strong>MANDATO GENNAIO 1980 &#8211; GENNAIO 1984<\/strong><br><br><strong><u>Alberta PASQUERO &#8211; PARTITO COMUNISTA ITALIANO<\/u><\/strong><\/p>\n\n\n\n<p><br>\u00c8 in questo periodo che vedono la loro nascita alcuni gruppi di lavoro volti alla donna; la donna e il territorio, la donna e la terza et\u00e0, la donna e le armi, la donna e i consultori.<br><br>\u00c8 proprio in riferimento ai consultori sorti a Torino negli anni 79\/80 che la Consulta collabora con la Consulta Femminile Regionale ad una indagine, attraverso incontri nelle sedi di alcuni asili nido e nei primi consultori dei quartieri cittadini per verificare lo stato dei servizi sociali per la tutela materno\/infantile.<br><br>Si realizzano due convegni dal titolo: &#8220;Guerra, terrorismo, violenza, la parola alle donne&#8221; e &#8220;La donna e il lavoro negli Stati Uniti&#8221;.<\/p>\n\n\n\n<p><br><strong>MANDATO FEBBRAIO 1984 &#8211; GENNAIO 1986<\/strong><br><br><strong><u>Maria Ludovica CASALI &#8211; AIDIA<\/u><\/strong><\/p>\n\n\n\n<p><br>La Consulta costituisce un gruppo di lavoro denominato &#8220;Come abitano le donne, come vorrebbero abitare, dove vorrebbero abitare!!!&#8221;. Vengono svolte inchieste presso alcune famiglie di diverso ceto sociale per fotografare la realt\u00e0 degli spazi abitativi della donna in Torino.<br><br>In questi anni si realizza un incontro con l\u00b4Assessore al Commercio, presenti associazioni di commercianti, esercenti e sindacati; la Consulta propone di ritardare la chiusura serale dei negozi di prima necessit\u00e0 finalizzata alle esigenze delle donne lavoratrici.<br><br>In occasione delle elezioni europee viene ideato e trasmesso da una rete locale uno spot televisivo dal titolo &#8220;Donna vota Donna&#8221;.<br><br>In data 8 marzo 1985 la Consulta partecipa alla cerimonia presso il Comune di Torino per la celebrazione del 40\u00ba anniversario della Resistenza.<br><br>La Consulta interviene, con l\u00b4invio di una lettera di protesta, contro la diffusione pubblica di particolari calendari di scarso buon gusto e deplorevoli dove la donna \u00e8 vista come &#8220;oggetto&#8221;.<\/p>\n\n\n\n<p><br><strong>MANDATO FEBBRAIO 1986 &#8211; GENNAIO 1988<\/strong><br><br><strong><u>Marta CONCINA &#8211; DEMOCRAZIA CRISTIANA<\/u><\/strong><\/p>\n\n\n\n<p><br>La Consulta, in questo periodo ha la sua sede in via del Carmine 4. \u00c8 in questi anni che nasce l&#8217; idea della realizzazione del Logo della Consulta Femminile Comunale.<br><br>Come oggi, anche allora in Consulta si lavora a gruppi. Attivo e numeroso \u00e8 il gruppo di lavoro &#8220;Violenza contro le donne&#8221; ed \u00e8 proprio in questo mandato di presidenza che si attivano ricerche per approfondire ed analizzare la reale situazione della violenza alle donne.<br><br>Nasce cos\u00ec la necessit\u00e0 di porre le basi per formare una specifica associazione a sostegno delle donne in difficolt\u00e0 che si concretizzer\u00e0 10 anni dopo.<br><br>Rimanendo in tema di violenza femminile, viene deliberato in Consulta lo stanziamento per due borse di studio, argomento &#8220;La violenza alle donne&#8221;, di lire 2.000.000 cadauna a favore di due studentesse appartenenti alle due scuole parauniversitarie di Assistenti Sociali .<br><br>Si svolgono con esito positivo due convegni:&nbsp;<em>&#8220;Salute della donna&#8221;<\/em>&nbsp;e&nbsp;<em>&#8220;Anziani verso il 2000&#8221;<\/em>.<\/p>\n\n\n\n<p><br><strong>MANDATO FEBBRAIO 1988 &#8211; GENNAIO 1991<\/strong><br><br><strong><u>Bianca SARZANO &#8211; RADAR<\/u><\/strong><\/p>\n\n\n\n<p><br>Mese di giugno 1988 &#8211; Assegnazione delle Borse di Studio alle vincitrici in Sala Rossa del Consiglio Comunale, a cura del sindaco Magnani Noya.<br><br>Tema del lavoro svolto: &#8220;La violenza alle donne&#8221;: analisi della percezione del problema a livello giudiziario e a livello sommerso istituzionale.<br><br>La Consulta pubblica l\u00b4opuscolo &#8220;Donne e uomini contro la violenza&#8221;, distribuito nelle scuole, nei quartieri, nei consultori, nelle USL.<br><br>In data 7 marzo 1990 presso palazzo Barolo si svolge un convegno dal titolo &#8220;Donne di ieri e donne di oggi&#8221; &#8211; vita della Marchesa di Barolo e le sue iniziative, dall\u00b4istituzione dei primi asili nido alla formazione dei primi sindacati.<\/p>\n\n\n\n<p><br><strong>MANDATO GENNAIO 1991 &#8211; OTTOBRE 1992<\/strong><br><br><strong><u>Aurora FORMENTO &#8211; PARTITO REPUBBLICANO ITALIANO<\/u><\/strong><\/p>\n\n\n\n<p><br>Le principali attivit\u00e0 svolte in questo periodo riguardano la &#8220;Salute delle donne&#8221;.Si svolgono indagini sul funzionamento dei consultori dalle quali risulta una insufficiente qualificazione dei servizi in senso preventivo.<br><br>Risulta positivo l\u00b4inizio di una attivit\u00e0 di screening per i tumori femminili sulle donne di et\u00e0 compresa tra i 25 e i 65 anni che prende il nome dal progetto stesso &#8220;Prevenzione Serena&#8221;.<br><br>Questo progetto, approvato dalla Giunta Comunale, \u00e8 attuato nella citt\u00e0 di Torino, dove prosegue oggi con immutato successo.<br><br>La Consulta contribuisce con una tavola rotonda specifica a conferire informazioni sul Progetto &#8220;Prevenzione Serena&#8221;. In tale occasione le donne apprendono notizie e chiarimenti sull\u00b4argomento.<br><br>In occasione dell\u00b48 marzo 1992 si organizza a Palazzo Barolo una Tavola Rotonda dal titolo &#8220;Torino, la conservazione del suo patrimonio storico-artistico &#8211; le donne&#8221; che vede la partecipazione delle donne in primo piano nel campo dei beni culturali.<\/p>\n\n\n\n<p><br><strong>MANDATO NOVEMBRE 1992 &#8211; GENNAIO 1995<\/strong><br><br><strong><u>Eva PRUNELLI &#8211; F.I.D.<\/u><\/strong><\/p>\n\n\n\n<p><br>La difficile situazione economica dell\u00b4Italia e soprattutto quella di Torino, risentita maggiormente dalle donne, induce la Consulta ad organizzare, in occasione dell\u00b48 marzo una tavola rotonda sul tema: &#8220;Donna oggi, occupazione e situazione socio-economica&#8221;, che oltre a fare il punto sulla realt\u00e0 del momento evidenzia anche uno spiraglio di speranza per il futuro.<br><br>Il gruppo di lavoro &#8220;Promozione donna&#8221; formatosi in questi anni, elabora progetti per attivare un servizio di emergenza per le donne maltrattate e vittime di violenza.<\/p>\n\n\n\n<p><br><strong>MANDATO FEBBRAIO 1995 &#8211; GENNAIO 1999<\/strong><br><br><strong><u>Lidia REVELLI &#8211; AIDDA<\/u><\/strong><\/p>\n\n\n\n<p><br>Nel marzo del 1996 nasce l\u00b4Associazione &#8220;Promozione donna&#8221;che si propone di offrire forme concrete di intervento a sostegno delle donne vittime della violenza.<br><br>Obiettivo dell\u00b4Associazione promuovere nella donna un cambiamento ed una emancipazione della situazione di violenza e accompagnarla a ricercare autonomia economica ed abitativa per se e per eventuali figli.<br><br>L\u00b4attuazione di questo progetto \u00e8 possibile grazie al contributo finanziario della Consulta Femminile Comunale, della Regione, della Provincia, del Comune di Torino e della Commissione Pari Opportunit\u00e0.<br><br>La Consulta approva nel novembre 1996 una proposta che viene trasmessa all\u00b4Assessore alla Sanit\u00e0 riguardante l\u00b4assistenza a domicilio degli anziani in difficolt\u00e0.<br><br>In data 8 Marzo 1997 presso la GAM si tiene il convegno dal titolo &#8220;Storie di non violenza&#8221;, a cui partecipano la Consulta Regionale ed il Comitato Pari Opportunit\u00e0.<br><br>A cura della Consulta viene restaurata una bandiera dell\u00b4800 dedicata alle operaie di Torino ed esposta al Museo del Risorgimento e 4 dipinti danneggiati dall\u00b4incendio della cappella del Duomo, ora esposti nelle sale di Palazzo Reale.<br><br>Ha inizio in questo periodo la partecipazione della Consulta ai &#8220;Tre giorni del volontariato&#8221;.<br><br>In data 8 marzo del 1998 ha luogo, nella sala colonne, il convegno &#8220;Impegno delle donne nell\u00b4amministrazione del Comune&#8221;.<br><br>In data 2 aprile dello stesso anno con una conferenza stampa viene presentata l\u00b4 &#8220;Associazione Promozione Donna&#8221; e a novembre viene inaugurata la &#8220;Casa dell\u00b4Accoglienza&#8221; per donne in difficolt\u00e0.<br><br>L\u00b4anno 1998 chiude con la ricorrenza del ventennale della Consulta e con la realizzazione di tre concerti eseguiti da allievi del Conservatorio Giuseppe Verdi patrocinati dalla Consulta.<\/p>\n\n\n\n<p><br><strong>MANDATO FEBBRAIO 1999 &#8211; MAGGIO 2008<\/strong><br><br><strong><u>Margherita MORONE &#8211; FILDIS &#8211; EWA<\/u><\/strong><\/p>\n\n\n\n<p><br>In questo periodo l\u00b4attivit\u00e0 della Consulta \u00e8 caratterizzata dal crescente interesse per la salute e molto impegno dei Gruppi di Lavoro \u00e8 dedicato all\u00b4argomento.<br><br>Per i temi sviluppati all\u00b4interno della Consulta con il supporto di eminenti Medici, sono realizzate specifiche tavole seminariali e convegni per sensibilizzare le donne sull\u00b4importanza della prevenzione e della diagnosi precoce.<br><br>\u00c8 trattata l\u00b4annosa questione dei tempi di attesa per esami, visite specialistiche e terapie e viene verificata la capacit\u00e0 delle donne ad usufruire dei servizi offerti.<br><br>Nell\u00b4ambito del progetto &#8220;Donna pensa alla salute&#8221;, \u00e8 dedicato significativo rilievo alla Psico-oncologia ed evidenziata l\u00b4importanza del supporto psicologico in presenza di una grave diagnosi che colpisce non solo il malato e la riduzione della sua capacit\u00e0 lavorativa ma tutta la famiglia.<br><br>La Consulta ha promosso attenzione a queste situazioni ed evidenziato che fino alla guarigione \u00e8 fondamentale poter contare sull\u00b4assistenza medica a tutto campo.<br><br>In particolare il gruppo di lavoro&#8221;Psico-oncologia&#8221; ha organizzato tra il 2000 ed il 2001 tre tavole seminariali: &#8220;Qualit\u00e0 dell\u00b4assistenza e qualit\u00e0 della vita&#8221;, &#8220;Psico-oncologia:L\u00b4importanza del suo intervento in fase diagnostica&#8221; e &#8220;Nuove speranze di guarigione in onco-ematologia&#8221;.<br><br>Il Gruppo di Lavoro &#8220;Anziani&#8221; ha esaminato le malattie neuro-degenerative Parkinson e Alzheimer e ha raccolto e divulgato, con Associazioni di settore, informative sulle nuove offerte di assistenza al malato e alla famiglia.<br><br>I temi trattati sono stati: &#8220;Malattie neurodegenerative e recenti acquisizioni sulla malattia di Parkinson: problematiche socio assistenziali&#8221;; &#8220;Malattie neurodegenerative &#8211; Ripercussioni sulla vita sociale e professionale&#8221;; &#8220;Diagnosi precoce delle malattie neurodegenerative&#8221;.<br><br>Dalla collaborazione della Consulta Femminile Comunale con il Consiglio dei Seniores scaturisce un convegno dal titolo &#8220;Et\u00e0 avanzata: qualit\u00e0 dell\u00b4assistenza e qualit\u00e0 della vita tra realt\u00e0 ed attese&#8221;.<br><br>Il Gruppo di Lavoro &#8220;Vivere la Citt\u00e0&#8221; nel 2001 si \u00e8 impegnato per l\u00b4adesione e collaborazione al &#8220;Progetto Urban II&#8221; della Citt\u00e0.<br><br>Il Gruppo di Lavoro &#8220;Giovani e futuro&#8221;, costituito nel 2003, non perdendo mai di vista il significato della giornata della donna, si \u00e8 impegnato per promuovere il dialogo costruttivo tra le diverse generazioni. Ad alcuni incontri hanno significativamente presenziato dei giovani degli istituti Superiori.<br><br>Si segnala, inoltre, il contributo della Consulta alle iniziative di solidariet\u00e0 per il Kosovo per il tramite di &#8220;Missione Arcobaleno&#8221;.<br><br>Lo speciale evento delle Paraolimpiadi ha offerto alla Consulta la possibilit\u00e0 di evidenziare il valore della comprensione dei giovani, e non solo, nei confronti delle diversit\u00e0.<br><br>La Presidente del Comitato, signora Nasi, accettando l\u00b4invito della Consulta Femminile a presenziare a specifico incontro, ha contribuito a valorizzare l\u00b4impegno degli atleti diversamente abili.<br><br>La Consulta \u00e8 sempre presente nei consueti &#8220;Tre giorni del volontariato&#8221; &#8220;sulle piazze di Torino&#8221; che la citt\u00e0 dedica all\u00b4Associazionismo locale.<br><br>Per la giornata della donna gli incontri sono mirati alla condizione, all\u00b4integrazione, all\u00b4apporto delle donne nel processo per il raggiungimento della pace e alla parit\u00e0 dei diritti.<br><br>Ricordiamo l\u00b4intervento della Consulta al Piccolo Regio per l\u00b4incontro dedicato al tema: &#8220;Chador e foulards&#8221;.<br><br>Una giornata viene dedicata a Frida Malan, donna che ha fortemente creduto nell\u00b4Associazionismo femminile e viene ricordato il suo impegno umano, politico e pubblico nell\u00b4Amministrazione della citt\u00e0 e la sua tenacia dedicata all\u00b4emancipazione femminile.<br><br>A testimonianza della sua partecipazione attiva alla Resistenza, nel 2003 viene realizzato il cortometraggio &#8220;La combattente&#8221; e, in occasione del venticinquennale della Consulta Femminile Comunale, viene scritto e redatto, a cura della Consulta, un saggio celebrativo.<br><br>Al termine di questo lungo mandato nell\u00b4aprile 2008 i gruppi di lavoro attivi sono: &#8220;Anziani&#8221;, &#8220;Giovani e futuro&#8221;, &#8220;Osservatorio sulla salute della donna&#8221; e &#8220;Vivere la citt\u00e0&#8221;.<\/p>\n\n\n\n<p><br>Nel mese di maggio 2008 viene eletta Presidente della Consulta Femminile Comunale&nbsp;<strong>Maria Pia Pianta<\/strong>, delegata dell\u00b4<strong>Associazione GADOS &#8211; Gruppo Assistenza Donne Operate al Seno<\/strong>.<\/p>\n","protected":false},"excerpt":{"rendered":"<p>La Consulta Femminile Comunale si pone con finalit\u00e0 consultive nei confronti della Pubblica Amministrazione, ed \u00e8 organo inteso a dare voce alle donne, a cogliere e segnalare le loro esigenze e a favorire un loro sempre maggiore e pi\u00f9 evoluto inserimento in tutti i settori della vita sociale, \u00e8 inoltre un organo di controllo teso [&hellip;]<\/p>\n","protected":false},"author":1,"featured_media":0,"parent":14,"menu_order":0,"comment_status":"closed","ping_status":"closed","template":"","meta":{"footnotes":""},"class_list":["post-21","page","type-page","status-publish","hentry"],"_links":{"self":[{"href":"https:\/\/consulte.comune.torino.it\/consultafemminile\/wp-json\/wp\/v2\/pages\/21","targetHints":{"allow":["GET"]}}],"collection":[{"href":"https:\/\/consulte.comune.torino.it\/consultafemminile\/wp-json\/wp\/v2\/pages"}],"about":[{"href":"https:\/\/consulte.comune.torino.it\/consultafemminile\/wp-json\/wp\/v2\/types\/page"}],"author":[{"embeddable":true,"href":"https:\/\/consulte.comune.torino.it\/consultafemminile\/wp-json\/wp\/v2\/users\/1"}],"replies":[{"embeddable":true,"href":"https:\/\/consulte.comune.torino.it\/consultafemminile\/wp-json\/wp\/v2\/comments?post=21"}],"version-history":[{"count":3,"href":"https:\/\/consulte.comune.torino.it\/consultafemminile\/wp-json\/wp\/v2\/pages\/21\/revisions"}],"predecessor-version":[{"id":71,"href":"https:\/\/consulte.comune.torino.it\/consultafemminile\/wp-json\/wp\/v2\/pages\/21\/revisions\/71"}],"up":[{"embeddable":true,"href":"https:\/\/consulte.comune.torino.it\/consultafemminile\/wp-json\/wp\/v2\/pages\/14"}],"wp:attachment":[{"href":"https:\/\/consulte.comune.torino.it\/consultafemminile\/wp-json\/wp\/v2\/media?parent=21"}],"curies":[{"name":"wp","href":"https:\/\/api.w.org\/{rel}","templated":true}]}}