{"id":72,"date":"2025-08-28T10:11:12","date_gmt":"2025-08-28T08:11:12","guid":{"rendered":"https:\/\/consulte.comune.torino.it\/consultafemminile\/?page_id=72"},"modified":"2025-08-28T10:11:23","modified_gmt":"2025-08-28T08:11:23","slug":"i-trentanni-della-consulta","status":"publish","type":"page","link":"https:\/\/consulte.comune.torino.it\/consultafemminile\/attivita\/i-trentanni-della-consulta\/","title":{"rendered":"I trent&#8217;anni della Consulta"},"content":{"rendered":"\n<p>La Consulta Femminile Comunale compie trent\u2019anni e per tale occasione si sta organizzando la Manifestazione:<\/p>\n\n\n\n<blockquote class=\"wp-block-quote is-layout-flow wp-block-quote-is-layout-flow\">\n<p>\u201cI primi trent\u2019anni della Consulta<\/p>\n\n\n\n<p>1978 \u2013 2008 Ieri Oggi\u2026Domani\u201d<\/p>\n<\/blockquote>\n\n\n\n<p>dedicata a tutte le Consultrici che nel tempo hanno partecipato con generosit\u00e0 alle attivit\u00e0 della Consulta e contribuito al miglioramento della condizione delle donne sul territorio.<\/p>\n\n\n\n<p>La Manifestazione non sar\u00e0 esclusivamente celebrativa ma particolare attenzione sar\u00e0 dedicata ai Giovani, con l\u2019obiettivo di sensibilizzare le nuove leve ad impegnarsi per un futuro migliore e per favorire la democratica integrazione di tutte le diversit\u00e0, realizzando nuovi modelli di solidariet\u00e0.<\/p>\n\n\n\n<p>Giovani relatrici attive nell&#8217;associazionismo giovanile indicheranno esperienze e riflessioni sul campo e si soffermeranno sulle motivazioni e sui valori dei giovani per la loro partecipazione in nuovi spazi del volontariato a favore della collettivit\u00e0.<\/p>\n","protected":false},"excerpt":{"rendered":"<p>La Consulta Femminile Comunale compie trent\u2019anni e per tale occasione si sta organizzando la Manifestazione: \u201cI primi trent\u2019anni della Consulta 1978 \u2013 2008 Ieri Oggi\u2026Domani\u201d dedicata a tutte le Consultrici che nel tempo hanno partecipato con generosit\u00e0 alle attivit\u00e0 della Consulta e contribuito al miglioramento della condizione delle donne sul territorio. La Manifestazione non sar\u00e0 [&hellip;]<\/p>\n","protected":false},"author":11,"featured_media":0,"parent":14,"menu_order":0,"comment_status":"closed","ping_status":"closed","template":"","meta":{"footnotes":""},"class_list":["post-72","page","type-page","status-publish","hentry"],"_links":{"self":[{"href":"https:\/\/consulte.comune.torino.it\/consultafemminile\/wp-json\/wp\/v2\/pages\/72","targetHints":{"allow":["GET"]}}],"collection":[{"href":"https:\/\/consulte.comune.torino.it\/consultafemminile\/wp-json\/wp\/v2\/pages"}],"about":[{"href":"https:\/\/consulte.comune.torino.it\/consultafemminile\/wp-json\/wp\/v2\/types\/page"}],"author":[{"embeddable":true,"href":"https:\/\/consulte.comune.torino.it\/consultafemminile\/wp-json\/wp\/v2\/users\/11"}],"replies":[{"embeddable":true,"href":"https:\/\/consulte.comune.torino.it\/consultafemminile\/wp-json\/wp\/v2\/comments?post=72"}],"version-history":[{"count":1,"href":"https:\/\/consulte.comune.torino.it\/consultafemminile\/wp-json\/wp\/v2\/pages\/72\/revisions"}],"predecessor-version":[{"id":73,"href":"https:\/\/consulte.comune.torino.it\/consultafemminile\/wp-json\/wp\/v2\/pages\/72\/revisions\/73"}],"up":[{"embeddable":true,"href":"https:\/\/consulte.comune.torino.it\/consultafemminile\/wp-json\/wp\/v2\/pages\/14"}],"wp:attachment":[{"href":"https:\/\/consulte.comune.torino.it\/consultafemminile\/wp-json\/wp\/v2\/media?parent=72"}],"curies":[{"name":"wp","href":"https:\/\/api.w.org\/{rel}","templated":true}]}}